{"id":10,"date":"2020-09-15T06:48:51","date_gmt":"2020-09-15T06:48:51","guid":{"rendered":"http:\/\/sanicleanhn.com\/?page_id=10"},"modified":"2021-12-15T23:38:11","modified_gmt":"2021-12-15T23:38:11","slug":"services","status":"publish","type":"page","link":"https:\/\/sanicleanhn.com\/?page_id=10","title":{"rendered":"Services"},"content":{"rendered":"\n<div class=\"wp-block-cover alignfull has-ast-global-color-5-background-color has-background-dim\" style=\"min-height:550px;aspect-ratio:unset;\"><img loading=\"lazy\" decoding=\"async\" width=\"450\" height=\"259\" class=\"wp-block-cover__image-background wp-image-167\" alt=\"\" src=\"http:\/\/sanicleanhn.com\/wp-content\/uploads\/2021\/10\/oficina.jpg\" data-object-fit=\"cover\" srcset=\"https:\/\/sanicleanhn.com\/wp-content\/uploads\/2021\/10\/oficina.jpg 450w, https:\/\/sanicleanhn.com\/wp-content\/uploads\/2021\/10\/oficina-300x173.jpg 300w\" sizes=\"auto, (max-width: 450px) 100vw, 450px\" \/><div class=\"wp-block-cover__inner-container is-layout-flow wp-block-cover-is-layout-flow\">\n<h1 class=\"has-text-align-center has-white-color has-text-color wp-block-heading\">NUESTROS SERVICIOS<\/h1>\n\n\n\n<p class=\"has-text-align-center\">Nuestros alcances van desde el supermercado y el restaurante local hasta las grandes plantas industriales <br>y las empresas de producci\u00f3n de alimentos, como tambi\u00e9n residencias teniendo cobertura <br>en todos los sectores garantizando que todo tu entorno este protegido.<\/p>\n<\/div><\/div>\n\n\n\n<div class=\"wp-block-group alignfull has-white-background-color has-background is-layout-flow wp-block-group-is-layout-flow\"><div class=\"wp-block-group__inner-container\">\n<h2 class=\"has-text-align-center wp-block-heading\">It&#8217;s Time to Start Your Adventures<\/h2>\n\n\n\n<hr class=\"wp-block-separator aligncenter\"\/>\n\n\n\n<p class=\"has-text-align-center\">Se sugiere colocar texto de introducci\u00f3n de lo mencionado a continuaci\u00f3n:<\/p>\n\n\n\n<div class=\"wp-block-columns is-layout-flex wp-container-core-columns-is-layout-9d6595d7 wp-block-columns-is-layout-flex\">\n<div class=\"wp-block-column is-layout-flow wp-block-column-is-layout-flow\">\n<div class=\"wp-block-group is-layout-flow wp-block-group-is-layout-flow\"><div class=\"wp-block-group__inner-container\">\n<div class=\"wp-block-image\"><figure class=\"aligncenter size-full\"><img loading=\"lazy\" decoding=\"async\" width=\"450\" height=\"259\" src=\"http:\/\/sanicleanhn.com\/wp-content\/uploads\/2021\/10\/comercial.jpg\" alt=\"\" class=\"wp-image-168\" srcset=\"https:\/\/sanicleanhn.com\/wp-content\/uploads\/2021\/10\/comercial.jpg 450w, https:\/\/sanicleanhn.com\/wp-content\/uploads\/2021\/10\/comercial-300x173.jpg 300w\" sizes=\"auto, (max-width: 450px) 100vw, 450px\" \/><\/figure><\/div>\n\n\n\n<h5 class=\"has-text-align-center has-ast-global-color-0-color has-text-color wp-block-heading\"><em><strong><em>M.I.P Manejo Integrado de plagas:<\/em><\/strong><\/em><\/h5>\n\n\n\n<p class=\"has-text-align-center\">Usamos t\u00e9cnicas no nocivas como controles mec\u00e1nicos y productos biodegradables y amigables con el medio ambiente.<\/p>\n\n\n\n<div class=\"wp-block-buttons is-content-justification-center is-layout-flex wp-block-buttons-is-layout-flex\">\n<div class=\"wp-block-button\"><a class=\"wp-block-button__link\">M\u00e1s informaci\u00f3n<\/a><\/div>\n<\/div>\n<\/div><\/div>\n<\/div>\n\n\n\n<div class=\"wp-block-column is-layout-flow wp-block-column-is-layout-flow\">\n<div class=\"wp-block-group is-layout-flow wp-block-group-is-layout-flow\"><div class=\"wp-block-group__inner-container\">\n<div class=\"wp-block-image\"><figure class=\"aligncenter size-full\"><img loading=\"lazy\" decoding=\"async\" width=\"450\" height=\"259\" src=\"http:\/\/sanicleanhn.com\/wp-content\/uploads\/2021\/10\/industrial.jpg\" alt=\"\" class=\"wp-image-166\" srcset=\"https:\/\/sanicleanhn.com\/wp-content\/uploads\/2021\/10\/industrial.jpg 450w, https:\/\/sanicleanhn.com\/wp-content\/uploads\/2021\/10\/industrial-300x173.jpg 300w\" sizes=\"auto, (max-width: 450px) 100vw, 450px\" \/><\/figure><\/div>\n\n\n\n<h5 class=\"has-text-align-center wp-block-heading\"><a href=\"Desinfecciones:\">Desinfecciones:<\/a><\/h5>\n\n\n\n<p class=\"has-text-align-center\">Brindamos el servicio m\u00e1s r\u00e1pido y eficaz utilizando biocidas espec\u00edficos para microorganismos como ser virus, hongos, par\u00e1sitos y bacterias.<\/p>\n\n\n\n<div class=\"wp-block-buttons is-content-justification-center is-layout-flex wp-block-buttons-is-layout-flex\">\n<div class=\"wp-block-button\"><a class=\"wp-block-button__link\">M\u00e1s informaci\u00f3n<\/a><\/div>\n<\/div>\n<\/div><\/div>\n<\/div>\n<\/div>\n<\/div><\/div>\n\n\n\n<h3 class=\"has-text-align-center has-ast-global-color-0-color has-text-color wp-block-heading\"><strong><em>ALGUNOS CLIENTES SATISFECHOS<\/em><\/strong><\/h3>\n\n\n\n<div class=\"wp-block-group alignfull has-ast-global-color-7-background-color has-background is-layout-flow wp-block-group-is-layout-flow\"><div class=\"wp-block-group__inner-container\">\n<div class=\"wp-block-columns alignwide is-layout-flex wp-container-core-columns-is-layout-9d6595d7 wp-block-columns-is-layout-flex\">\n<div class=\"wp-block-column is-layout-flow wp-block-column-is-layout-flow\"><\/div>\n\n\n\n<div class=\"wp-block-column is-vertically-aligned-center is-layout-flow wp-block-column-is-layout-flow\">\n<div class=\"wp-block-image is-style-rounded\"><figure class=\"alignright size-medium\"><img loading=\"lazy\" decoding=\"async\" width=\"300\" height=\"300\" src=\"https:\/\/sanicleanhn.com\/wp-content\/uploads\/2021\/12\/lisa-martin-profile-300x300.jpg\" alt=\"\" class=\"wp-image-197\" srcset=\"https:\/\/sanicleanhn.com\/wp-content\/uploads\/2021\/12\/lisa-martin-profile-300x300.jpg 300w, https:\/\/sanicleanhn.com\/wp-content\/uploads\/2021\/12\/lisa-martin-profile-150x150.jpg 150w, https:\/\/sanicleanhn.com\/wp-content\/uploads\/2021\/12\/lisa-martin-profile.jpg 600w\" sizes=\"auto, (max-width: 300px) 100vw, 300px\" \/><\/figure><\/div>\n<\/div>\n\n\n\n<div class=\"wp-block-column is-vertically-aligned-center is-layout-flow wp-block-column-is-layout-flow\">\n<blockquote class=\"wp-block-quote is-layout-flow wp-block-quote-is-layout-flow\"><p>Testimonial que da fe de los buenos servicios de SaniClean<\/p><cite>Gerente General, Empresa<\/cite><\/blockquote>\n<\/div>\n<\/div>\n\n\n\n<div class=\"wp-block-columns alignwide is-layout-flex wp-container-core-columns-is-layout-9d6595d7 wp-block-columns-is-layout-flex\">\n<div class=\"wp-block-column is-layout-flow wp-block-column-is-layout-flow\">\n<div class=\"wp-block-image is-style-rounded\"><figure class=\"alignright size-medium\"><img loading=\"lazy\" decoding=\"async\" width=\"300\" height=\"300\" src=\"https:\/\/sanicleanhn.com\/wp-content\/uploads\/2021\/12\/lisa-martin-profile-300x300.jpg\" alt=\"\" class=\"wp-image-197\" srcset=\"https:\/\/sanicleanhn.com\/wp-content\/uploads\/2021\/12\/lisa-martin-profile-300x300.jpg 300w, https:\/\/sanicleanhn.com\/wp-content\/uploads\/2021\/12\/lisa-martin-profile-150x150.jpg 150w, https:\/\/sanicleanhn.com\/wp-content\/uploads\/2021\/12\/lisa-martin-profile.jpg 600w\" sizes=\"auto, (max-width: 300px) 100vw, 300px\" \/><\/figure><\/div>\n<\/div>\n\n\n\n<div class=\"wp-block-column is-vertically-aligned-center is-layout-flow wp-block-column-is-layout-flow\">\n<blockquote class=\"wp-block-quote is-layout-flow wp-block-quote-is-layout-flow\"><p>Testimonial que da fe de los buenos servicios de SaniClean<\/p><cite>Gerente General, Empresa<\/cite><\/blockquote>\n<\/div>\n\n\n\n<div class=\"wp-block-column is-vertically-aligned-center is-layout-flow wp-block-column-is-layout-flow\"><\/div>\n<\/div>\n\n\n\n<div class=\"wp-block-columns alignwide is-layout-flex wp-container-core-columns-is-layout-9d6595d7 wp-block-columns-is-layout-flex\">\n<div class=\"wp-block-column is-layout-flow wp-block-column-is-layout-flow\"><\/div>\n\n\n\n<div class=\"wp-block-column is-vertically-aligned-center is-layout-flow wp-block-column-is-layout-flow\">\n<div class=\"wp-block-image is-style-rounded\"><figure class=\"alignright size-medium\"><img loading=\"lazy\" decoding=\"async\" width=\"300\" height=\"300\" src=\"https:\/\/sanicleanhn.com\/wp-content\/uploads\/2021\/12\/lisa-martin-profile-300x300.jpg\" alt=\"\" class=\"wp-image-197\" srcset=\"https:\/\/sanicleanhn.com\/wp-content\/uploads\/2021\/12\/lisa-martin-profile-300x300.jpg 300w, https:\/\/sanicleanhn.com\/wp-content\/uploads\/2021\/12\/lisa-martin-profile-150x150.jpg 150w, https:\/\/sanicleanhn.com\/wp-content\/uploads\/2021\/12\/lisa-martin-profile.jpg 600w\" sizes=\"auto, (max-width: 300px) 100vw, 300px\" \/><\/figure><\/div>\n<\/div>\n\n\n\n<div class=\"wp-block-column is-vertically-aligned-center is-layout-flow wp-block-column-is-layout-flow\">\n<blockquote class=\"wp-block-quote is-layout-flow wp-block-quote-is-layout-flow\"><p>Testimonial que da fe de los buenos servicios de SaniClean<\/p><cite>Gerente General, Empresa<\/cite><\/blockquote>\n<\/div>\n<\/div>\n<\/div><\/div>\n\n\n\n<h1 class=\"wp-block-heading\">AASA<\/h1>\n\n\n\n<p><\/p>\n","protected":false},"excerpt":{"rendered":"<p>It&#8217;s Time to Start Your Adventures Se sugiere colocar texto de introducci\u00f3n de lo mencionado a continuaci\u00f3n: M.I.P Manejo Integrado de plagas: Usamos t\u00e9cnicas no nocivas como controles mec\u00e1nicos y productos biodegradables y amigables con el medio ambiente. Desinfecciones: Brindamos el servicio m\u00e1s r\u00e1pido y eficaz utilizando biocidas espec\u00edficos para microorganismos como ser virus, hongos, &hellip;<\/p>\n<p class=\"read-more\"> <a class=\"\" href=\"https:\/\/sanicleanhn.com\/?page_id=10\"> <span class=\"screen-reader-text\">Services<\/span> Read More &raquo;<\/a><\/p>\n","protected":false},"author":1,"featured_media":0,"parent":0,"menu_order":0,"comment_status":"closed","ping_status":"closed","template":"","meta":{"om_disable_all_campaigns":false,"_monsterinsights_skip_tracking":false,"_monsterinsights_sitenote_active":false,"_monsterinsights_sitenote_note":"","_monsterinsights_sitenote_category":0,"footnotes":""},"class_list":["post-10","page","type-page","status-publish","hentry"],"_links":{"self":[{"href":"https:\/\/sanicleanhn.com\/index.php?rest_route=\/wp\/v2\/pages\/10","targetHints":{"allow":["GET"]}}],"collection":[{"href":"https:\/\/sanicleanhn.com\/index.php?rest_route=\/wp\/v2\/pages"}],"about":[{"href":"https:\/\/sanicleanhn.com\/index.php?rest_route=\/wp\/v2\/types\/page"}],"author":[{"embeddable":true,"href":"https:\/\/sanicleanhn.com\/index.php?rest_route=\/wp\/v2\/users\/1"}],"replies":[{"embeddable":true,"href":"https:\/\/sanicleanhn.com\/index.php?rest_route=%2Fwp%2Fv2%2Fcomments&post=10"}],"version-history":[{"count":4,"href":"https:\/\/sanicleanhn.com\/index.php?rest_route=\/wp\/v2\/pages\/10\/revisions"}],"predecessor-version":[{"id":212,"href":"https:\/\/sanicleanhn.com\/index.php?rest_route=\/wp\/v2\/pages\/10\/revisions\/212"}],"wp:attachment":[{"href":"https:\/\/sanicleanhn.com\/index.php?rest_route=%2Fwp%2Fv2%2Fmedia&parent=10"}],"curies":[{"name":"wp","href":"https:\/\/api.w.org\/{rel}","templated":true}]}}