{"id":12,"date":"2020-09-15T06:48:15","date_gmt":"2020-09-15T06:48:15","guid":{"rendered":"http:\/\/sanicleanhn.com\/?page_id=12"},"modified":"2021-10-26T19:34:34","modified_gmt":"2021-10-26T19:34:34","slug":"home","status":"publish","type":"page","link":"https:\/\/sanicleanhn.com\/","title":{"rendered":"Home"},"content":{"rendered":"\n<div class=\"wp-block-cover alignfull has-ast-global-color-5-background-color has-background-dim\" style=\"min-height:500px;aspect-ratio:unset;\"><img loading=\"lazy\" decoding=\"async\" width=\"1280\" height=\"458\" class=\"wp-block-cover__image-background wp-image-137\" alt=\"\" src=\"http:\/\/sanicleanhn.com\/wp-content\/uploads\/2021\/10\/banner-home.jpg\" data-object-fit=\"cover\" srcset=\"https:\/\/sanicleanhn.com\/wp-content\/uploads\/2021\/10\/banner-home.jpg 1280w, https:\/\/sanicleanhn.com\/wp-content\/uploads\/2021\/10\/banner-home-300x107.jpg 300w, https:\/\/sanicleanhn.com\/wp-content\/uploads\/2021\/10\/banner-home-1024x366.jpg 1024w, https:\/\/sanicleanhn.com\/wp-content\/uploads\/2021\/10\/banner-home-768x275.jpg 768w\" sizes=\"auto, (max-width: 1280px) 100vw, 1280px\" \/><div class=\"wp-block-cover__inner-container is-layout-flow wp-block-cover-is-layout-flow\">\n<hr class=\"wp-block-separator aligncenter\"\/>\n\n\n\n<h1 class=\"has-text-align-center has-white-color has-text-color has-huge-font-size wp-block-heading\">SANITIZACI\u00d3N DE ESPACIOS<\/h1>\n\n\n\n<h3 class=\"has-text-align-center has-white-color has-text-color has-medium-font-size wp-block-heading\">con roceador electroest\u00e1tico y soluciones biodegradables<\/h3>\n\n\n\n<div class=\"wp-block-buttons is-content-justification-center is-layout-flex wp-block-buttons-is-layout-flex\">\n<div class=\"wp-block-button\"><a class=\"wp-block-button__link has-ast-global-color-2-color has-text-color\">ver m\u00e1s<\/a><\/div>\n<\/div>\n<\/div><\/div>\n\n\n\n<div class=\"wp-block-group alignfull has-ast-global-color-6-background-color has-background is-layout-flow wp-block-group-is-layout-flow\"><div class=\"wp-block-group__inner-container\">\n<p class=\"has-text-align-center\">&#8220;Somos la mejor opci\u00f3n, el servicio desinfectante m\u00e1s eficaz del pa\u00eds.&#8221;<\/p>\n\n\n\n<p class=\"has-text-align-center\">&#8211; Juan Pablo, Getente General<\/p>\n<\/div><\/div>\n\n\n\n<div class=\"wp-block-group alignfull has-white-background-color has-background is-layout-flow wp-block-group-is-layout-flow\"><div class=\"wp-block-group__inner-container\">\n<h2 class=\"has-text-align-center wp-block-heading\">Upcoming Events<\/h2>\n\n\n\n<div class=\"wp-block-columns alignwide is-layout-flex wp-container-core-columns-is-layout-9d6595d7 wp-block-columns-is-layout-flex\">\n<div class=\"wp-block-column is-layout-flow wp-block-column-is-layout-flow\">\n<div class=\"wp-block-group is-layout-flow wp-block-group-is-layout-flow\"><div class=\"wp-block-group__inner-container\">\n<div class=\"wp-block-image\"><figure class=\"aligncenter size-full\"><img loading=\"lazy\" decoding=\"async\" width=\"644\" height=\"402\" src=\"https:\/\/sanicleanhn.com\/wp-content\/uploads\/2021\/10\/fumigacion-temporal-644x402-1.jpg\" alt=\"\" class=\"wp-image-157\" srcset=\"https:\/\/sanicleanhn.com\/wp-content\/uploads\/2021\/10\/fumigacion-temporal-644x402-1.jpg 644w, https:\/\/sanicleanhn.com\/wp-content\/uploads\/2021\/10\/fumigacion-temporal-644x402-1-300x187.jpg 300w\" sizes=\"auto, (max-width: 644px) 100vw, 644px\" \/><\/figure><\/div>\n\n\n\n<h5 class=\"has-text-align-center wp-block-heading\">Everest Camp Trek<\/h5>\n\n\n\n<p class=\"has-text-align-center\">Existen microorganismos perjudiciales para la salud de los seres humanos y animales. La importancia de la fumigaci\u00f3n es vital para los espacios en los que te desenvuelves.<\/p>\n\n\n\n<div class=\"wp-block-buttons is-content-justification-center is-layout-flex wp-block-buttons-is-layout-flex\">\n<div class=\"wp-block-button\"><a class=\"wp-block-button__link\">m\u00e1s informaci\u00f3n<\/a><\/div>\n<\/div>\n<\/div><\/div>\n<\/div>\n\n\n\n<div class=\"wp-block-column is-layout-flow wp-block-column-is-layout-flow\">\n<div class=\"wp-block-group is-layout-flow wp-block-group-is-layout-flow\"><div class=\"wp-block-group__inner-container\">\n<div class=\"wp-block-image\"><figure class=\"aligncenter size-full\"><img loading=\"lazy\" decoding=\"async\" width=\"644\" height=\"402\" src=\"https:\/\/sanicleanhn.com\/wp-content\/uploads\/2021\/10\/sanitizacion-temporal-644x402-1.jpg\" alt=\"\" class=\"wp-image-158\" srcset=\"https:\/\/sanicleanhn.com\/wp-content\/uploads\/2021\/10\/sanitizacion-temporal-644x402-1.jpg 644w, https:\/\/sanicleanhn.com\/wp-content\/uploads\/2021\/10\/sanitizacion-temporal-644x402-1-300x187.jpg 300w\" sizes=\"auto, (max-width: 644px) 100vw, 644px\" \/><\/figure><\/div>\n\n\n\n<h5 class=\"has-text-align-center wp-block-heading\">Walking Holidays<\/h5>\n\n\n\n<p>Experimenta el poder del desinfectante m\u00e1s eficaz, el \u00c1cido Hipocloroso. Letal contra todos los pat\u00f3genos conocidos, pero inofensivo para los animales y la especie humana.<\/p>\n\n\n\n<div class=\"wp-block-buttons is-content-justification-center is-layout-flex wp-block-buttons-is-layout-flex\">\n<div class=\"wp-block-button\"><a class=\"wp-block-button__link\">m\u00e1s informaci\u00f3n<\/a><\/div>\n<\/div>\n<\/div><\/div>\n<\/div>\n<\/div>\n<\/div><\/div>\n\n\n\n<div class=\"wp-block-cover alignfull has-ast-global-color-5-background-color has-background-dim has-parallax\" style=\"background-image:url(http:\/\/sanicleanhn.com\/wp-content\/uploads\/2021\/10\/parallax-1920x1280-1.jpg);min-height:600px;aspect-ratio:unset;\"><div class=\"wp-block-cover__inner-container is-layout-flow wp-block-cover-is-layout-flow\">\n<div class=\"wp-block-columns alignwide are-vertically-aligned-center is-layout-flex wp-container-core-columns-is-layout-9d6595d7 wp-block-columns-is-layout-flex\">\n<div class=\"wp-block-column is-vertically-aligned-center is-layout-flow wp-block-column-is-layout-flow\"><\/div>\n\n\n\n<div class=\"wp-block-column is-vertically-aligned-center is-layout-flow wp-block-column-is-layout-flow\">\n<h2 class=\"has-white-color has-text-color wp-block-heading\">INSPECCIONES GRATIS<\/h2>\n\n\n\n<hr class=\"wp-block-separator is-style-wide\"\/>\n\n\n\n<p class=\"has-white-color has-text-color\">No le temas a cualquier plaga que tengas, nosotros contamos con un amplio conocimiento y equipo para controlarlas, ya sea en tu casa, oficina o en plantas y \u00e1reas industriales.<\/p>\n\n\n\n<div class=\"wp-block-buttons is-layout-flex wp-block-buttons-is-layout-flex\">\n<div class=\"wp-block-button\"><a class=\"wp-block-button__link\">SOLIC\u00cdTALA AHORA<\/a><\/div>\n<\/div>\n<\/div>\n<\/div>\n<\/div><\/div>\n\n\n\n<div class=\"wp-block-group alignfull has-white-background-color has-background is-layout-flow wp-block-group-is-layout-flow\"><div class=\"wp-block-group__inner-container\">\n<div class=\"wp-block-columns alignwide are-vertically-aligned-center is-layout-flex wp-container-core-columns-is-layout-9d6595d7 wp-block-columns-is-layout-flex\">\n<div class=\"wp-block-column is-vertically-aligned-center is-layout-flow wp-block-column-is-layout-flow\" style=\"flex-basis:33.33%\">\n<h2 class=\"wp-block-heading\">Upcoming Tours &amp; Destination<\/h2>\n\n\n\n<p>Previene infecciones que pueden exponer tu salud, es importante fumigar con equipo especializado, tanto en exteriores como en interiores. Con ello logras:<\/p>\n\n\n\n<p><img loading=\"lazy\" decoding=\"async\" alt=\"\ud83d\udd39\" src=\"https:\/\/static.xx.fbcdn.net\/images\/emoji.php\/v9\/tf3\/1\/16\/1f539.png\" width=\"16\" height=\"16\"> Controlar las plagas y organismos perjudiciales.<\/p>\n\n\n\n<p><img loading=\"lazy\" decoding=\"async\" alt=\"\ud83d\udd39\" src=\"https:\/\/static.xx.fbcdn.net\/images\/emoji.php\/v9\/tf3\/1\/16\/1f539.png\" width=\"16\" height=\"16\"> Garantiza espacios sanitarios<\/p>\n\n\n\n<p><img loading=\"lazy\" decoding=\"async\" alt=\"\ud83d\udd39\" src=\"https:\/\/static.xx.fbcdn.net\/images\/emoji.php\/v9\/tf3\/1\/16\/1f539.png\" width=\"16\" height=\"16\"> Dismiuci\u00f3n de enfermedades o epidemias<\/p>\n\n\n\n<div class=\"wp-block-buttons is-layout-flex wp-block-buttons-is-layout-flex\">\n<div class=\"wp-block-button\"><a class=\"wp-block-button__link\">ver m\u00e1s<\/a><\/div>\n<\/div>\n<\/div>\n\n\n\n<div class=\"wp-block-column is-vertically-aligned-center is-layout-flow wp-block-column-is-layout-flow\" style=\"flex-basis:66.66%\">\n<figure class=\"wp-block-gallery columns-2 wp-block-gallery-1 is-layout-flex wp-block-gallery-is-layout-flex\"><ul class=\"blocks-gallery-grid\"><li class=\"blocks-gallery-item\"><figure><img loading=\"lazy\" decoding=\"async\" width=\"450\" height=\"259\" src=\"https:\/\/sanicleanhn.com\/wp-content\/uploads\/2021\/10\/control-de-plagas.jpg\" alt=\"\" data-id=\"165\" data-full-url=\"https:\/\/sanicleanhn.com\/wp-content\/uploads\/2021\/10\/control-de-plagas.jpg\" data-link=\"https:\/\/sanicleanhn.com\/?attachment_id=165\" class=\"wp-image-165\" srcset=\"https:\/\/sanicleanhn.com\/wp-content\/uploads\/2021\/10\/control-de-plagas.jpg 450w, https:\/\/sanicleanhn.com\/wp-content\/uploads\/2021\/10\/control-de-plagas-300x173.jpg 300w\" sizes=\"auto, (max-width: 450px) 100vw, 450px\" \/><\/figure><\/li><li class=\"blocks-gallery-item\"><figure><img loading=\"lazy\" decoding=\"async\" width=\"450\" height=\"259\" src=\"https:\/\/sanicleanhn.com\/wp-content\/uploads\/2021\/10\/industrial.jpg\" alt=\"\" data-id=\"166\" data-full-url=\"https:\/\/sanicleanhn.com\/wp-content\/uploads\/2021\/10\/industrial.jpg\" data-link=\"https:\/\/sanicleanhn.com\/?attachment_id=166\" class=\"wp-image-166\" srcset=\"https:\/\/sanicleanhn.com\/wp-content\/uploads\/2021\/10\/industrial.jpg 450w, https:\/\/sanicleanhn.com\/wp-content\/uploads\/2021\/10\/industrial-300x173.jpg 300w\" sizes=\"auto, (max-width: 450px) 100vw, 450px\" \/><\/figure><\/li><li class=\"blocks-gallery-item\"><figure><img loading=\"lazy\" decoding=\"async\" width=\"450\" height=\"259\" src=\"https:\/\/sanicleanhn.com\/wp-content\/uploads\/2021\/10\/oficina.jpg\" alt=\"\" data-id=\"167\" data-full-url=\"https:\/\/sanicleanhn.com\/wp-content\/uploads\/2021\/10\/oficina.jpg\" data-link=\"https:\/\/sanicleanhn.com\/?attachment_id=167\" class=\"wp-image-167\" srcset=\"https:\/\/sanicleanhn.com\/wp-content\/uploads\/2021\/10\/oficina.jpg 450w, https:\/\/sanicleanhn.com\/wp-content\/uploads\/2021\/10\/oficina-300x173.jpg 300w\" sizes=\"auto, (max-width: 450px) 100vw, 450px\" \/><\/figure><\/li><li class=\"blocks-gallery-item\"><figure><img loading=\"lazy\" decoding=\"async\" width=\"450\" height=\"259\" src=\"https:\/\/sanicleanhn.com\/wp-content\/uploads\/2021\/10\/comercial.jpg\" alt=\"\" data-id=\"168\" data-full-url=\"https:\/\/sanicleanhn.com\/wp-content\/uploads\/2021\/10\/comercial.jpg\" data-link=\"https:\/\/sanicleanhn.com\/?attachment_id=168\" class=\"wp-image-168\" srcset=\"https:\/\/sanicleanhn.com\/wp-content\/uploads\/2021\/10\/comercial.jpg 450w, https:\/\/sanicleanhn.com\/wp-content\/uploads\/2021\/10\/comercial-300x173.jpg 300w\" sizes=\"auto, (max-width: 450px) 100vw, 450px\" \/><\/figure><\/li><\/ul><\/figure>\n<\/div>\n<\/div>\n<\/div><\/div>\n","protected":false},"excerpt":{"rendered":"<p>&#8220;Somos la mejor opci\u00f3n, el servicio desinfectante m\u00e1s eficaz del pa\u00eds.&#8221; &#8211; Juan Pablo, Getente General Upcoming Events Everest Camp Trek Existen microorganismos perjudiciales para la salud de los seres humanos y animales. La importancia de la fumigaci\u00f3n es vital para los espacios en los que te desenvuelves. Walking Holidays Experimenta el poder del desinfectante &hellip;<\/p>\n<p class=\"read-more\"> <a class=\"\" href=\"https:\/\/sanicleanhn.com\/\"> <span class=\"screen-reader-text\">Home<\/span> Read More &raquo;<\/a><\/p>\n","protected":false},"author":1,"featured_media":0,"parent":0,"menu_order":0,"comment_status":"closed","ping_status":"closed","template":"","meta":{"om_disable_all_campaigns":false,"_monsterinsights_skip_tracking":false,"_monsterinsights_sitenote_active":false,"_monsterinsights_sitenote_note":"","_monsterinsights_sitenote_category":0,"footnotes":""},"class_list":["post-12","page","type-page","status-publish","hentry"],"_links":{"self":[{"href":"https:\/\/sanicleanhn.com\/index.php?rest_route=\/wp\/v2\/pages\/12","targetHints":{"allow":["GET"]}}],"collection":[{"href":"https:\/\/sanicleanhn.com\/index.php?rest_route=\/wp\/v2\/pages"}],"about":[{"href":"https:\/\/sanicleanhn.com\/index.php?rest_route=\/wp\/v2\/types\/page"}],"author":[{"embeddable":true,"href":"https:\/\/sanicleanhn.com\/index.php?rest_route=\/wp\/v2\/users\/1"}],"replies":[{"embeddable":true,"href":"https:\/\/sanicleanhn.com\/index.php?rest_route=%2Fwp%2Fv2%2Fcomments&post=12"}],"version-history":[{"count":7,"href":"https:\/\/sanicleanhn.com\/index.php?rest_route=\/wp\/v2\/pages\/12\/revisions"}],"predecessor-version":[{"id":191,"href":"https:\/\/sanicleanhn.com\/index.php?rest_route=\/wp\/v2\/pages\/12\/revisions\/191"}],"wp:attachment":[{"href":"https:\/\/sanicleanhn.com\/index.php?rest_route=%2Fwp%2Fv2%2Fmedia&parent=12"}],"curies":[{"name":"wp","href":"https:\/\/api.w.org\/{rel}","templated":true}]}}