{"id":8,"date":"2020-09-15T06:48:29","date_gmt":"2020-09-15T06:48:29","guid":{"rendered":"http:\/\/sanicleanhn.com\/?page_id=8"},"modified":"2021-12-15T22:46:12","modified_gmt":"2021-12-15T22:46:12","slug":"about","status":"publish","type":"page","link":"https:\/\/sanicleanhn.com\/?page_id=8","title":{"rendered":"About"},"content":{"rendered":"\n<div class=\"wp-block-cover alignfull has-ast-global-color-5-background-color has-background-dim\" style=\"min-height:550px;aspect-ratio:unset;\"><img loading=\"lazy\" decoding=\"async\" width=\"1820\" height=\"710\" class=\"wp-block-cover__image-background wp-image-195\" alt=\"\" src=\"http:\/\/sanicleanhn.com\/wp-content\/uploads\/2021\/12\/quienes-somos-temporal.jpg\" data-object-fit=\"cover\" srcset=\"https:\/\/sanicleanhn.com\/wp-content\/uploads\/2021\/12\/quienes-somos-temporal.jpg 1820w, https:\/\/sanicleanhn.com\/wp-content\/uploads\/2021\/12\/quienes-somos-temporal-300x117.jpg 300w, https:\/\/sanicleanhn.com\/wp-content\/uploads\/2021\/12\/quienes-somos-temporal-1024x399.jpg 1024w, https:\/\/sanicleanhn.com\/wp-content\/uploads\/2021\/12\/quienes-somos-temporal-768x300.jpg 768w, https:\/\/sanicleanhn.com\/wp-content\/uploads\/2021\/12\/quienes-somos-temporal-1536x599.jpg 1536w\" sizes=\"auto, (max-width: 1820px) 100vw, 1820px\" \/><div class=\"wp-block-cover__inner-container is-layout-flow wp-block-cover-is-layout-flow\">\n<h1 class=\"has-text-align-center has-white-color has-text-color wp-block-heading\">\u00bfQUI\u00c9NES SOMOS?<\/h1>\n\n\n\n<p class=\"has-text-align-center\">Somos una empresa nacional brindamos el servicio de control de plagas y desinfecciones <br>con los m\u00e1s altos est\u00e1ndares de seguridad, eficiencia y calidad <br>para garantizar los mejores resultados para sus instalaciones.<\/p>\n<\/div><\/div>\n\n\n\n<div class=\"wp-block-group alignfull has-white-background-color has-background is-layout-flow wp-block-group-is-layout-flow\"><div class=\"wp-block-group__inner-container\">\n<div class=\"wp-block-media-text is-stacked-on-mobile is-vertically-aligned-center alignwide\" style=\"grid-template-columns:25% auto\"><figure class=\"wp-block-media-text__media\"><img loading=\"lazy\" decoding=\"async\" width=\"800\" height=\"800\" src=\"http:\/\/sanicleanhn.com\/wp-content\/uploads\/2021\/12\/vision-temporal.jpg\" alt=\"\" class=\"wp-image-194 size-full\" srcset=\"https:\/\/sanicleanhn.com\/wp-content\/uploads\/2021\/12\/vision-temporal.jpg 800w, https:\/\/sanicleanhn.com\/wp-content\/uploads\/2021\/12\/vision-temporal-300x300.jpg 300w, https:\/\/sanicleanhn.com\/wp-content\/uploads\/2021\/12\/vision-temporal-150x150.jpg 150w, https:\/\/sanicleanhn.com\/wp-content\/uploads\/2021\/12\/vision-temporal-768x768.jpg 768w\" sizes=\"auto, (max-width: 800px) 100vw, 800px\" \/><\/figure><div class=\"wp-block-media-text__content\">\n<h2 class=\"wp-block-heading\">Our Mission<\/h2>\n\n\n\n<p><strong><em>VISI\u00d3N<\/em><\/strong><\/p>\n\n\n\n<p>Convertirnos en una compa\u00f1\u00eda de servicios de clase mundial, protegiendo a las personas a trav\u00e9s de nuestros servicios garantizando un ambiente limpio y libre de plagas realizando servicios con t\u00e9cnicas y productos de la mejor calidad de su clase.<\/p>\n<\/div><\/div>\n<\/div><\/div>\n\n\n\n<div class=\"wp-block-group alignfull has-white-background-color has-background is-layout-flow wp-block-group-is-layout-flow\"><div class=\"wp-block-group__inner-container\">\n<div class=\"wp-block-image\"><figure class=\"aligncenter size-large\"><img loading=\"lazy\" decoding=\"async\" width=\"1024\" height=\"147\" src=\"http:\/\/sanicleanhn.com\/wp-content\/uploads\/2021\/12\/logos-clientes-temporal-1024x147.jpg\" alt=\"\" class=\"wp-image-203\" srcset=\"https:\/\/sanicleanhn.com\/wp-content\/uploads\/2021\/12\/logos-clientes-temporal-1024x147.jpg 1024w, https:\/\/sanicleanhn.com\/wp-content\/uploads\/2021\/12\/logos-clientes-temporal-300x43.jpg 300w, https:\/\/sanicleanhn.com\/wp-content\/uploads\/2021\/12\/logos-clientes-temporal-768x111.jpg 768w, https:\/\/sanicleanhn.com\/wp-content\/uploads\/2021\/12\/logos-clientes-temporal-1536x221.jpg 1536w, https:\/\/sanicleanhn.com\/wp-content\/uploads\/2021\/12\/logos-clientes-temporal.jpg 1820w\" sizes=\"auto, (max-width: 1024px) 100vw, 1024px\" \/><\/figure><\/div>\n\n\n\n<div class=\"wp-block-columns alignwide is-layout-flex wp-container-core-columns-is-layout-9d6595d7 wp-block-columns-is-layout-flex\"><\/div>\n<\/div><\/div>\n","protected":false},"excerpt":{"rendered":"<p>Our Mission VISI\u00d3N Convertirnos en una compa\u00f1\u00eda de servicios de clase mundial, protegiendo a las personas a trav\u00e9s de nuestros servicios garantizando un ambiente limpio y libre de plagas realizando servicios con t\u00e9cnicas y productos de la mejor calidad de su clase.<\/p>\n","protected":false},"author":1,"featured_media":0,"parent":0,"menu_order":0,"comment_status":"closed","ping_status":"closed","template":"","meta":{"om_disable_all_campaigns":false,"_monsterinsights_skip_tracking":false,"_monsterinsights_sitenote_active":false,"_monsterinsights_sitenote_note":"","_monsterinsights_sitenote_category":0,"footnotes":""},"class_list":["post-8","page","type-page","status-publish","hentry"],"_links":{"self":[{"href":"https:\/\/sanicleanhn.com\/index.php?rest_route=\/wp\/v2\/pages\/8","targetHints":{"allow":["GET"]}}],"collection":[{"href":"https:\/\/sanicleanhn.com\/index.php?rest_route=\/wp\/v2\/pages"}],"about":[{"href":"https:\/\/sanicleanhn.com\/index.php?rest_route=\/wp\/v2\/types\/page"}],"author":[{"embeddable":true,"href":"https:\/\/sanicleanhn.com\/index.php?rest_route=\/wp\/v2\/users\/1"}],"replies":[{"embeddable":true,"href":"https:\/\/sanicleanhn.com\/index.php?rest_route=%2Fwp%2Fv2%2Fcomments&post=8"}],"version-history":[{"count":4,"href":"https:\/\/sanicleanhn.com\/index.php?rest_route=\/wp\/v2\/pages\/8\/revisions"}],"predecessor-version":[{"id":204,"href":"https:\/\/sanicleanhn.com\/index.php?rest_route=\/wp\/v2\/pages\/8\/revisions\/204"}],"wp:attachment":[{"href":"https:\/\/sanicleanhn.com\/index.php?rest_route=%2Fwp%2Fv2%2Fmedia&parent=8"}],"curies":[{"name":"wp","href":"https:\/\/api.w.org\/{rel}","templated":true}]}}